{"id":2706,"date":"2023-12-11T16:30:31","date_gmt":"2023-12-11T16:30:31","guid":{"rendered":"https:\/\/btonprestige.wpenginepowered.com\/entretenir-son-plancher\/"},"modified":"2025-01-15T15:29:45","modified_gmt":"2025-01-15T15:29:45","slug":"entretenir-son-plancher","status":"publish","type":"page","link":"https:\/\/betonprestige.com\/en\/entretenir-son-plancher\/","title":{"rendered":"Floor maintenance"},"content":{"rendered":"\t\t<div data-elementor-type=\"wp-page\" data-elementor-id=\"2706\" class=\"elementor elementor-2706 elementor-2577\" data-elementor-post-type=\"page\">\n\t\t\t\t\t\t<section class=\"elementor-section elementor-top-section elementor-element elementor-element-701ef7f elementor-section-full_width elementor-section-height-min-height elementor-section-height-default elementor-section-items-middle\" data-id=\"701ef7f\" data-element_type=\"section\" data-settings=\"{&quot;background_background&quot;:&quot;classic&quot;}\">\n\t\t\t\t\t\t<div class=\"elementor-container elementor-column-gap-default\">\n\t\t\t\t\t<div class=\"elementor-column elementor-col-50 elementor-top-column elementor-element elementor-element-3521a3d\" data-id=\"3521a3d\" data-element_type=\"column\" data-settings=\"{&quot;background_background&quot;:&quot;classic&quot;}\">\n\t\t\t<div class=\"elementor-widget-wrap elementor-element-populated\">\n\t\t\t\t\t\t<div class=\"elementor-element elementor-element-3a8c9e4 elementor-invisible elementor-widget elementor-widget-heading\" data-id=\"3a8c9e4\" data-element_type=\"widget\" data-settings=\"{&quot;_animation&quot;:&quot;fadeIn&quot;}\" data-widget_type=\"heading.default\">\n\t\t\t\t\t<h1 class=\"elementor-heading-title elementor-size-default\">Floor maintenance<\/h1>\t\t\t\t<\/div>\n\t\t\t\t<div class=\"elementor-element elementor-element-c7f9785 elementor-invisible elementor-widget elementor-widget-heading\" data-id=\"c7f9785\" data-element_type=\"widget\" data-settings=\"{&quot;_animation&quot;:&quot;fadeIn&quot;}\" data-widget_type=\"heading.default\">\n\t\t\t\t\t<h2 class=\"elementor-heading-title elementor-size-default\">Polished concrete floor&nbsp;cleaner<\/h2>\t\t\t\t<\/div>\n\t\t\t\t<div class=\"elementor-element elementor-element-c83cf53 elementor-invisible elementor-widget elementor-widget-text-editor\" data-id=\"c83cf53\" data-element_type=\"widget\" data-settings=\"{&quot;_animation&quot;:&quot;fadeIn&quot;}\" data-widget_type=\"text-editor.default\">\n\t\t\t\t\t\t\t\t\t<p>Our EXCLUSIVE polished concrete floor cleaner easily removes stains, dirt, grease and grime from your polished concrete floor. It leaves no residue to dull or damage your polished concrete floor. What&#8217;s more, it&#8217;s easy to use, with a neutral pH and no ammonia, alcohol or acids. Naturally, we recommend it to help you keep your floor looking beautiful and, above all, residue-free.<\/p><p>\u00a0<\/p><p>Would you like to buy it? Please contact our team at <span style=\"text-decoration: underline;\"><a href=\"mailto:soumission@betonprestige.com\">soumission@betonprestige.com<\/a><\/span> or simply discuss it with your project manager so that you can obtain it for the end of your\u00a0project.<\/p>\t\t\t\t\t\t\t\t<\/div>\n\t\t\t\t\t<\/div>\n\t\t<\/div>\n\t\t\t\t<div class=\"elementor-column elementor-col-50 elementor-top-column elementor-element elementor-element-286f0f1 animated-slow elementor-invisible\" data-id=\"286f0f1\" data-element_type=\"column\" data-settings=\"{&quot;background_background&quot;:&quot;classic&quot;,&quot;animation&quot;:&quot;slideInRight&quot;}\">\n\t\t\t<div class=\"elementor-widget-wrap elementor-element-populated\">\n\t\t\t\t\t\t<div class=\"elementor-element elementor-element-7aed4c4 elementor-pagination-position-inside entretienCarr elementor-widget elementor-widget-image-carousel\" data-id=\"7aed4c4\" data-element_type=\"widget\" data-settings=\"{&quot;slides_to_show&quot;:&quot;1&quot;,&quot;navigation&quot;:&quot;dots&quot;,&quot;slides_to_show_tablet&quot;:&quot;1&quot;,&quot;autoplay&quot;:&quot;yes&quot;,&quot;pause_on_hover&quot;:&quot;yes&quot;,&quot;pause_on_interaction&quot;:&quot;yes&quot;,&quot;autoplay_speed&quot;:5000,&quot;infinite&quot;:&quot;yes&quot;,&quot;effect&quot;:&quot;slide&quot;,&quot;speed&quot;:500}\" data-widget_type=\"image-carousel.default\">\n\t\t\t\t\t\t\t<div class=\"elementor-image-carousel-wrapper swiper\" role=\"region\" aria-roledescription=\"carousel\" aria-label=\"Image Carousel\" dir=\"ltr\">\n\t\t\t<div class=\"elementor-image-carousel swiper-wrapper swiper-image-stretch\" aria-live=\"off\">\n\t\t\t\t\t\t\t\t<div class=\"swiper-slide\" role=\"group\" aria-roledescription=\"slide\" aria-label=\"1 of 2\"><figure class=\"swiper-slide-inner\"><img decoding=\"async\" class=\"swiper-slide-image\" src=\"https:\/\/betonprestige.com\/wp-content\/uploads\/savon_front_resize.webp\" alt=\"savon_front_resize\" \/><\/figure><\/div><div class=\"swiper-slide\" role=\"group\" aria-roledescription=\"slide\" aria-label=\"2 of 2\"><figure class=\"swiper-slide-inner\"><img decoding=\"async\" class=\"swiper-slide-image\" src=\"https:\/\/betonprestige.com\/wp-content\/uploads\/savon_resize.webp\" alt=\"savon_resize\" \/><\/figure><\/div>\t\t\t<\/div>\n\t\t\t\t\t\t\t\n\t\t\t\t\t\t\t\t\t<div class=\"swiper-pagination\"><\/div>\n\t\t\t\t\t\t\t\t\t<\/div>\n\t\t\t\t\t\t<\/div>\n\t\t\t\t\t<\/div>\n\t\t<\/div>\n\t\t\t\t\t<\/div>\n\t\t<\/section>\n\t\t\t\t<section class=\"elementor-section elementor-top-section elementor-element elementor-element-310d6c7 elementor-section-full_width elementor-section-height-min-height elementor-section-height-default elementor-section-items-middle\" data-id=\"310d6c7\" data-element_type=\"section\" data-settings=\"{&quot;background_background&quot;:&quot;classic&quot;,&quot;animation&quot;:&quot;none&quot;}\">\n\t\t\t\t\t\t<div class=\"elementor-container elementor-column-gap-default\">\n\t\t\t\t\t<div class=\"elementor-column elementor-col-50 elementor-top-column elementor-element elementor-element-0d140ed animated-slow elementor-invisible\" data-id=\"0d140ed\" data-element_type=\"column\" data-settings=\"{&quot;background_background&quot;:&quot;classic&quot;,&quot;animation&quot;:&quot;slideInLeft&quot;}\">\n\t\t\t<div class=\"elementor-widget-wrap elementor-element-populated\">\n\t\t\t\t\t\t<div class=\"elementor-element elementor-element-e1b2a5d elementor-widget elementor-widget-spacer\" data-id=\"e1b2a5d\" data-element_type=\"widget\" data-widget_type=\"spacer.default\">\n\t\t\t\t\t\t\t<div class=\"elementor-spacer\">\n\t\t\t<div class=\"elementor-spacer-inner\"><\/div>\n\t\t<\/div>\n\t\t\t\t\t\t<\/div>\n\t\t\t\t\t<\/div>\n\t\t<\/div>\n\t\t\t\t<div class=\"elementor-column elementor-col-50 elementor-top-column elementor-element elementor-element-3cf88dd\" data-id=\"3cf88dd\" data-element_type=\"column\" data-settings=\"{&quot;background_background&quot;:&quot;classic&quot;}\">\n\t\t\t<div class=\"elementor-widget-wrap elementor-element-populated\">\n\t\t\t\t\t\t<div class=\"elementor-element elementor-element-6e46935 elementor-invisible elementor-widget elementor-widget-heading\" data-id=\"6e46935\" data-element_type=\"widget\" data-settings=\"{&quot;_animation&quot;:&quot;fadeIn&quot;}\" data-widget_type=\"heading.default\">\n\t\t\t\t\t<h2 class=\"elementor-heading-title elementor-size-default\">PADS<\/h2>\t\t\t\t<\/div>\n\t\t\t\t<div class=\"elementor-element elementor-element-26c02b0 elementor-invisible elementor-widget elementor-widget-text-editor\" data-id=\"26c02b0\" data-element_type=\"widget\" data-settings=\"{&quot;_animation&quot;:&quot;fadeIn&quot;}\" data-widget_type=\"text-editor.default\">\n\t\t\t\t\t\t\t\t\t<p>Do you already have a polished concrete floor in your home? Time has passed and it&#8217;s due for a little freshening up? It could\u00a0be.<\/p><p>If we, B\u00e9ton Prestige, had done your floor, we invite you to contact us at <span style=\"text-decoration: underline;\"><a href=\"mailto:soumission@betonprestige.com\">soumission@betonprestige.com<\/a><\/span> to receive a service offer to restore your magnificent\u00a0floor.<\/p><p>Prefer to do it yourself? We can send you the right polishing pad for the\u00a0job.<\/p><p>Sizes available: 7&#8243;, 20&#8243; or 21<\/p>\t\t\t\t\t\t\t\t<\/div>\n\t\t\t\t\t<\/div>\n\t\t<\/div>\n\t\t\t\t\t<\/div>\n\t\t<\/section>\n\t\t\t\t<section class=\"elementor-section elementor-top-section elementor-element elementor-element-1fb739c elementor-section-height-min-height elementor-section-boxed elementor-section-height-default elementor-section-items-middle\" data-id=\"1fb739c\" data-element_type=\"section\" data-settings=\"{&quot;background_background&quot;:&quot;classic&quot;}\">\n\t\t\t\t\t\t<div class=\"elementor-container elementor-column-gap-default\">\n\t\t\t\t\t<div class=\"elementor-column elementor-col-100 elementor-top-column elementor-element elementor-element-6209341 animated-slow elementor-invisible\" data-id=\"6209341\" data-element_type=\"column\" data-settings=\"{&quot;animation&quot;:&quot;fadeIn&quot;}\">\n\t\t\t<div class=\"elementor-widget-wrap elementor-element-populated\">\n\t\t\t\t\t\t<div class=\"elementor-element elementor-element-ce44716 elementor-widget elementor-widget-heading\" data-id=\"ce44716\" data-element_type=\"widget\" data-widget_type=\"heading.default\">\n\t\t\t\t\t<h2 class=\"elementor-heading-title elementor-size-default\">DO YOU HAVE QUESTIONS ABOUT&nbsp;MAINTENANCE?<\/h2>\t\t\t\t<\/div>\n\t\t\t\t<div class=\"elementor-element elementor-element-ac75c60 elementor-widget elementor-widget-text-editor\" data-id=\"ac75c60\" data-element_type=\"widget\" data-widget_type=\"text-editor.default\">\n\t\t\t\t\t\t\t\t\t<p>Maintaining polished concrete floors can seem daunting, but it doesn&#8217;t have to be! If you have any questions about how to care for your polished concrete floors, don&#8217;t hesitate to contact our team of experts. We&#8217;re here to help you understand the steps needed to keep your polished concrete floors in top condition for years to come. From proper cleaning equipment to maintenance products to avoid, we&#8217;re here to answer all your questions. Don&#8217;t worry about maintaining your polished concrete floors, <span style=\"text-decoration: underline;\"><a href=\"https:\/\/betonprestige.com\/en\/contact\/\">contact us today!<\/a><\/span><\/p>\t\t\t\t\t\t\t\t<\/div>\n\t\t\t\t\t<\/div>\n\t\t<\/div>\n\t\t\t\t\t<\/div>\n\t\t<\/section>\n\t\t\t\t<\/div>\n\t\t","protected":false},"excerpt":{"rendered":"<p>Floor maintenance Polished concrete floor&nbsp;cleaner Our EXCLUSIVE polished concrete floor cleaner easily removes stains, dirt, grease and grime from your polished concrete floor. It leaves no residue to dull or damage your polished concrete floor. What&#8217;s more, it&#8217;s easy to use, with a neutral pH and no ammonia, alcohol or acids. Naturally, we recommend it [&hellip;]<\/p>\n","protected":false},"author":5,"featured_media":0,"parent":0,"menu_order":0,"comment_status":"closed","ping_status":"closed","template":"elementor_header_footer","meta":{"_acf_changed":false,"footnotes":""},"class_list":["post-2706","page","type-page","status-publish","hentry"],"acf":[],"yoast_head":"<!-- This site is optimized with the Yoast SEO plugin v25.7 - https:\/\/yoast.com\/wordpress\/plugins\/seo\/ -->\n<title>B\u00e9ton Prestige - Entretenir son plancher<\/title>\n<meta name=\"description\" content=\"Conservez l&#039;aspect neuf de vos planchers de b\u00e9ton gr\u00e2ce aux produits d&#039;entretien offerts par B\u00e9ton prestige.\" \/>\n<meta name=\"robots\" content=\"index, follow, max-snippet:-1, max-image-preview:large, max-video-preview:-1\" \/>\n<link rel=\"canonical\" href=\"https:\/\/betonprestige.com\/en\/entretenir-son-plancher\/\" \/>\n<meta property=\"og:locale\" content=\"en_US\" \/>\n<meta property=\"og:type\" content=\"article\" \/>\n<meta property=\"og:title\" content=\"B\u00e9ton Prestige - Entretenir son plancher\" \/>\n<meta property=\"og:description\" content=\"Conservez l&#039;aspect neuf de vos planchers de b\u00e9ton gr\u00e2ce aux produits d&#039;entretien offerts par B\u00e9ton prestige.\" \/>\n<meta property=\"og:url\" content=\"https:\/\/betonprestige.com\/en\/entretenir-son-plancher\/\" \/>\n<meta property=\"og:site_name\" content=\"B\u00e9ton Prestige\" \/>\n<meta property=\"article:modified_time\" content=\"2025-01-15T15:29:45+00:00\" \/>\n<meta property=\"og:image\" content=\"https:\/\/betonprestige.com\/wp-content\/uploads\/savon_front_resize.webp\" \/>\n<meta name=\"twitter:card\" content=\"summary_large_image\" \/>\n<meta name=\"twitter:label1\" content=\"Est. reading time\" \/>\n\t<meta name=\"twitter:data1\" content=\"2 minutes\" \/>\n<script type=\"application\/ld+json\" class=\"yoast-schema-graph\">{\"@context\":\"https:\/\/schema.org\",\"@graph\":[{\"@type\":\"WebPage\",\"@id\":\"https:\/\/betonprestige.com\/en\/entretenir-son-plancher\/\",\"url\":\"https:\/\/betonprestige.com\/en\/entretenir-son-plancher\/\",\"name\":\"B\u00e9ton Prestige - Entretenir son plancher\",\"isPartOf\":{\"@id\":\"https:\/\/betonprestige.com\/en\/#website\"},\"primaryImageOfPage\":{\"@id\":\"https:\/\/betonprestige.com\/en\/entretenir-son-plancher\/#primaryimage\"},\"image\":{\"@id\":\"https:\/\/betonprestige.com\/en\/entretenir-son-plancher\/#primaryimage\"},\"thumbnailUrl\":\"https:\/\/betonprestige.com\/wp-content\/uploads\/savon_front_resize.webp\",\"datePublished\":\"2023-12-11T16:30:31+00:00\",\"dateModified\":\"2025-01-15T15:29:45+00:00\",\"description\":\"Conservez l'aspect neuf de vos planchers de b\u00e9ton gr\u00e2ce aux produits d'entretien offerts par B\u00e9ton prestige.\",\"breadcrumb\":{\"@id\":\"https:\/\/betonprestige.com\/en\/entretenir-son-plancher\/#breadcrumb\"},\"inLanguage\":\"en-US\",\"potentialAction\":[{\"@type\":\"ReadAction\",\"target\":[\"https:\/\/betonprestige.com\/en\/entretenir-son-plancher\/\"]}]},{\"@type\":\"ImageObject\",\"inLanguage\":\"en-US\",\"@id\":\"https:\/\/betonprestige.com\/en\/entretenir-son-plancher\/#primaryimage\",\"url\":\"https:\/\/betonprestige.com\/wp-content\/uploads\/savon_front_resize.webp\",\"contentUrl\":\"https:\/\/betonprestige.com\/wp-content\/uploads\/savon_front_resize.webp\"},{\"@type\":\"BreadcrumbList\",\"@id\":\"https:\/\/betonprestige.com\/en\/entretenir-son-plancher\/#breadcrumb\",\"itemListElement\":[{\"@type\":\"ListItem\",\"position\":1,\"name\":\"Home\",\"item\":\"https:\/\/betonprestige.com\/en\/\"},{\"@type\":\"ListItem\",\"position\":2,\"name\":\"Floor maintenance\"}]},{\"@type\":\"WebSite\",\"@id\":\"https:\/\/betonprestige.com\/en\/#website\",\"url\":\"https:\/\/betonprestige.com\/en\/\",\"name\":\"B\u00e9ton Prestige\",\"description\":\"\",\"potentialAction\":[{\"@type\":\"SearchAction\",\"target\":{\"@type\":\"EntryPoint\",\"urlTemplate\":\"https:\/\/betonprestige.com\/en\/?s={search_term_string}\"},\"query-input\":{\"@type\":\"PropertyValueSpecification\",\"valueRequired\":true,\"valueName\":\"search_term_string\"}}],\"inLanguage\":\"en-US\"}]}<\/script>\n<!-- \/ Yoast SEO plugin. -->","yoast_head_json":{"title":"B\u00e9ton Prestige - Entretenir son plancher","description":"Conservez l'aspect neuf de vos planchers de b\u00e9ton gr\u00e2ce aux produits d'entretien offerts par B\u00e9ton prestige.","robots":{"index":"index","follow":"follow","max-snippet":"max-snippet:-1","max-image-preview":"max-image-preview:large","max-video-preview":"max-video-preview:-1"},"canonical":"https:\/\/betonprestige.com\/en\/entretenir-son-plancher\/","og_locale":"en_US","og_type":"article","og_title":"B\u00e9ton Prestige - Entretenir son plancher","og_description":"Conservez l'aspect neuf de vos planchers de b\u00e9ton gr\u00e2ce aux produits d'entretien offerts par B\u00e9ton prestige.","og_url":"https:\/\/betonprestige.com\/en\/entretenir-son-plancher\/","og_site_name":"B\u00e9ton Prestige","article_modified_time":"2025-01-15T15:29:45+00:00","og_image":[{"url":"https:\/\/betonprestige.com\/wp-content\/uploads\/savon_front_resize.webp","type":"","width":"","height":""}],"twitter_card":"summary_large_image","twitter_misc":{"Est. reading time":"2 minutes"},"schema":{"@context":"https:\/\/schema.org","@graph":[{"@type":"WebPage","@id":"https:\/\/betonprestige.com\/en\/entretenir-son-plancher\/","url":"https:\/\/betonprestige.com\/en\/entretenir-son-plancher\/","name":"B\u00e9ton Prestige - Entretenir son plancher","isPartOf":{"@id":"https:\/\/betonprestige.com\/en\/#website"},"primaryImageOfPage":{"@id":"https:\/\/betonprestige.com\/en\/entretenir-son-plancher\/#primaryimage"},"image":{"@id":"https:\/\/betonprestige.com\/en\/entretenir-son-plancher\/#primaryimage"},"thumbnailUrl":"https:\/\/betonprestige.com\/wp-content\/uploads\/savon_front_resize.webp","datePublished":"2023-12-11T16:30:31+00:00","dateModified":"2025-01-15T15:29:45+00:00","description":"Conservez l'aspect neuf de vos planchers de b\u00e9ton gr\u00e2ce aux produits d'entretien offerts par B\u00e9ton prestige.","breadcrumb":{"@id":"https:\/\/betonprestige.com\/en\/entretenir-son-plancher\/#breadcrumb"},"inLanguage":"en-US","potentialAction":[{"@type":"ReadAction","target":["https:\/\/betonprestige.com\/en\/entretenir-son-plancher\/"]}]},{"@type":"ImageObject","inLanguage":"en-US","@id":"https:\/\/betonprestige.com\/en\/entretenir-son-plancher\/#primaryimage","url":"https:\/\/betonprestige.com\/wp-content\/uploads\/savon_front_resize.webp","contentUrl":"https:\/\/betonprestige.com\/wp-content\/uploads\/savon_front_resize.webp"},{"@type":"BreadcrumbList","@id":"https:\/\/betonprestige.com\/en\/entretenir-son-plancher\/#breadcrumb","itemListElement":[{"@type":"ListItem","position":1,"name":"Home","item":"https:\/\/betonprestige.com\/en\/"},{"@type":"ListItem","position":2,"name":"Floor maintenance"}]},{"@type":"WebSite","@id":"https:\/\/betonprestige.com\/en\/#website","url":"https:\/\/betonprestige.com\/en\/","name":"B\u00e9ton Prestige","description":"","potentialAction":[{"@type":"SearchAction","target":{"@type":"EntryPoint","urlTemplate":"https:\/\/betonprestige.com\/en\/?s={search_term_string}"},"query-input":{"@type":"PropertyValueSpecification","valueRequired":true,"valueName":"search_term_string"}}],"inLanguage":"en-US"}]}},"_links":{"self":[{"href":"https:\/\/betonprestige.com\/en\/wp-json\/wp\/v2\/pages\/2706","targetHints":{"allow":["GET"]}}],"collection":[{"href":"https:\/\/betonprestige.com\/en\/wp-json\/wp\/v2\/pages"}],"about":[{"href":"https:\/\/betonprestige.com\/en\/wp-json\/wp\/v2\/types\/page"}],"author":[{"embeddable":true,"href":"https:\/\/betonprestige.com\/en\/wp-json\/wp\/v2\/users\/5"}],"replies":[{"embeddable":true,"href":"https:\/\/betonprestige.com\/en\/wp-json\/wp\/v2\/comments?post=2706"}],"version-history":[{"count":0,"href":"https:\/\/betonprestige.com\/en\/wp-json\/wp\/v2\/pages\/2706\/revisions"}],"wp:attachment":[{"href":"https:\/\/betonprestige.com\/en\/wp-json\/wp\/v2\/media?parent=2706"}],"curies":[{"name":"wp","href":"https:\/\/api.w.org\/{rel}","templated":true}]}}